{"id":11,"date":"2015-02-15T10:14:29","date_gmt":"2015-02-15T09:14:29","guid":{"rendered":"http:\/\/ambm.no\/?page_id=11"},"modified":"2015-02-18T20:43:53","modified_gmt":"2015-02-18T19:43:53","slug":"kontakt","status":"publish","type":"page","link":"http:\/\/ambm.no\/?page_id=11","title":{"rendered":"Kontakt"},"content":{"rendered":"<p><strong>Kontaktinformasjon<\/strong><\/p>\n<p>Adresse : parkveien 21 B 1415 Oppeg\u00e5rd<\/p>\n<p>E-post: <a href=\"mailto:post@ambm.no\">post@ambm.no<\/a><\/p>\n<p>Bj\u00f8rn Magnussen 99279948<\/p>\n<p>V\u00e6r s\u00e5 snill \u00e5 sende \u00a0meg mail for avtale\u00a0om et uforpliktende og kostnadsfritt hjemmebes\u00f8k med stofforslag og forh\u00e5ndspris\u00a0jeg tilpasser tidspunktet slik at det blir bekvemt for deg.<\/p>\n","protected":false},"excerpt":{"rendered":"<p>Kontaktinformasjon Adresse : parkveien 21 B 1415 Oppeg\u00e5rd E-post: post@ambm.no Bj\u00f8rn Magnussen 99279948 V\u00e6r s\u00e5 snill \u00e5 sende \u00a0meg mail for avtale\u00a0om et uforpliktende og kostnadsfritt hjemmebes\u00f8k med stofforslag og forh\u00e5ndspris\u00a0jeg tilpasser tidspunktet slik at det blir bekvemt for deg.<\/p>\n","protected":false},"author":3,"featured_media":62,"parent":0,"menu_order":0,"comment_status":"closed","ping_status":"closed","template":"","meta":{"footnotes":""},"class_list":["post-11","page","type-page","status-publish","has-post-thumbnail","hentry"],"_links":{"self":[{"href":"http:\/\/ambm.no\/index.php?rest_route=\/wp\/v2\/pages\/11","targetHints":{"allow":["GET"]}}],"collection":[{"href":"http:\/\/ambm.no\/index.php?rest_route=\/wp\/v2\/pages"}],"about":[{"href":"http:\/\/ambm.no\/index.php?rest_route=\/wp\/v2\/types\/page"}],"author":[{"embeddable":true,"href":"http:\/\/ambm.no\/index.php?rest_route=\/wp\/v2\/users\/3"}],"replies":[{"embeddable":true,"href":"http:\/\/ambm.no\/index.php?rest_route=%2Fwp%2Fv2%2Fcomments&post=11"}],"version-history":[{"count":5,"href":"http:\/\/ambm.no\/index.php?rest_route=\/wp\/v2\/pages\/11\/revisions"}],"predecessor-version":[{"id":21,"href":"http:\/\/ambm.no\/index.php?rest_route=\/wp\/v2\/pages\/11\/revisions\/21"}],"wp:featuredmedia":[{"embeddable":true,"href":"http:\/\/ambm.no\/index.php?rest_route=\/wp\/v2\/media\/62"}],"wp:attachment":[{"href":"http:\/\/ambm.no\/index.php?rest_route=%2Fwp%2Fv2%2Fmedia&parent=11"}],"curies":[{"name":"wp","href":"https:\/\/api.w.org\/{rel}","templated":true}]}}