{"id":26,"date":"2015-02-18T19:35:22","date_gmt":"2015-02-18T18:35:22","guid":{"rendered":"http:\/\/ambm.no\/?page_id=26"},"modified":"2015-02-18T20:47:57","modified_gmt":"2015-02-18T19:47:57","slug":"undervisning-i-mobeltapetserfagetleksehjelp-og-norskopplaering","status":"publish","type":"page","link":"http:\/\/ambm.no\/?page_id=26","title":{"rendered":"Undervisning i m\u00f8beltapetserfaget,leksehjelp og norskoppl\u00e6ring"},"content":{"rendered":"<p style=\"text-align: left;\">Toppkarakterer fra VGS samt utvidet Bachelorgrad UIO<\/p>\n<p>Meget gode tilbakemeldinger p\u00e5 utf\u00f8rt undervisning fra elever og oppdragsgivere som Folkeuniversitetet\/friundervisningen<\/p>\n<p>Send en mail om du trenger hjelp med Norsk spr\u00e5k ,andre skolefag eller \u00f8nsker \u00e5 l\u00e6re m\u00f8beltapetsering p\u00e5 dag eller kveld i en til en situasjon<\/p>\n","protected":false},"excerpt":{"rendered":"<p>Toppkarakterer fra VGS samt utvidet Bachelorgrad UIO Meget gode tilbakemeldinger p\u00e5 utf\u00f8rt undervisning fra elever og oppdragsgivere som Folkeuniversitetet\/friundervisningen Send en mail om du trenger hjelp med Norsk spr\u00e5k ,andre skolefag eller \u00f8nsker \u00e5 l\u00e6re m\u00f8beltapetsering p\u00e5 dag eller kveld i en til en situasjon<\/p>\n","protected":false},"author":3,"featured_media":64,"parent":0,"menu_order":0,"comment_status":"closed","ping_status":"closed","template":"","meta":{"footnotes":""},"class_list":["post-26","page","type-page","status-publish","has-post-thumbnail","hentry"],"_links":{"self":[{"href":"http:\/\/ambm.no\/index.php?rest_route=\/wp\/v2\/pages\/26","targetHints":{"allow":["GET"]}}],"collection":[{"href":"http:\/\/ambm.no\/index.php?rest_route=\/wp\/v2\/pages"}],"about":[{"href":"http:\/\/ambm.no\/index.php?rest_route=\/wp\/v2\/types\/page"}],"author":[{"embeddable":true,"href":"http:\/\/ambm.no\/index.php?rest_route=\/wp\/v2\/users\/3"}],"replies":[{"embeddable":true,"href":"http:\/\/ambm.no\/index.php?rest_route=%2Fwp%2Fv2%2Fcomments&post=26"}],"version-history":[{"count":3,"href":"http:\/\/ambm.no\/index.php?rest_route=\/wp\/v2\/pages\/26\/revisions"}],"predecessor-version":[{"id":65,"href":"http:\/\/ambm.no\/index.php?rest_route=\/wp\/v2\/pages\/26\/revisions\/65"}],"wp:featuredmedia":[{"embeddable":true,"href":"http:\/\/ambm.no\/index.php?rest_route=\/wp\/v2\/media\/64"}],"wp:attachment":[{"href":"http:\/\/ambm.no\/index.php?rest_route=%2Fwp%2Fv2%2Fmedia&parent=26"}],"curies":[{"name":"wp","href":"https:\/\/api.w.org\/{rel}","templated":true}]}}