{"id":33,"date":"2015-02-18T20:16:25","date_gmt":"2015-02-18T19:16:25","guid":{"rendered":"http:\/\/ambm.no\/?page_id=33"},"modified":"2015-02-18T20:40:11","modified_gmt":"2015-02-18T19:40:11","slug":"33-2","status":"publish","type":"page","link":"http:\/\/ambm.no\/?page_id=33","title":{"rendered":"\u00d8rlappstol omstoppet og trukket i hud"},"content":{"rendered":"<p>Dette er en \u00f8rlappstol av den gode gamle typen utf\u00f8rt med spiralfj\u00e6rer i b\u00e5de sete og rygg,madrassert med alfa og overstopp av stoppull\u00a0for maksimal sittekomfort.<\/p>\n<p>Virkelig et m\u00f8bel \u00e5 kose seg i.<\/p>\n","protected":false},"excerpt":{"rendered":"<p>Dette er en \u00f8rlappstol av den gode gamle typen utf\u00f8rt med spiralfj\u00e6rer i b\u00e5de sete og rygg,madrassert med alfa og overstopp av stoppull\u00a0for maksimal sittekomfort. Virkelig et m\u00f8bel \u00e5 kose seg i.<\/p>\n","protected":false},"author":3,"featured_media":38,"parent":0,"menu_order":0,"comment_status":"closed","ping_status":"closed","template":"","meta":{"footnotes":""},"class_list":["post-33","page","type-page","status-publish","has-post-thumbnail","hentry"],"_links":{"self":[{"href":"http:\/\/ambm.no\/index.php?rest_route=\/wp\/v2\/pages\/33","targetHints":{"allow":["GET"]}}],"collection":[{"href":"http:\/\/ambm.no\/index.php?rest_route=\/wp\/v2\/pages"}],"about":[{"href":"http:\/\/ambm.no\/index.php?rest_route=\/wp\/v2\/types\/page"}],"author":[{"embeddable":true,"href":"http:\/\/ambm.no\/index.php?rest_route=\/wp\/v2\/users\/3"}],"replies":[{"embeddable":true,"href":"http:\/\/ambm.no\/index.php?rest_route=%2Fwp%2Fv2%2Fcomments&post=33"}],"version-history":[{"count":4,"href":"http:\/\/ambm.no\/index.php?rest_route=\/wp\/v2\/pages\/33\/revisions"}],"predecessor-version":[{"id":59,"href":"http:\/\/ambm.no\/index.php?rest_route=\/wp\/v2\/pages\/33\/revisions\/59"}],"wp:featuredmedia":[{"embeddable":true,"href":"http:\/\/ambm.no\/index.php?rest_route=\/wp\/v2\/media\/38"}],"wp:attachment":[{"href":"http:\/\/ambm.no\/index.php?rest_route=%2Fwp%2Fv2%2Fmedia&parent=33"}],"curies":[{"name":"wp","href":"https:\/\/api.w.org\/{rel}","templated":true}]}}