{"id":24,"date":"2015-02-18T19:29:53","date_gmt":"2015-02-18T18:29:53","guid":{"rendered":"http:\/\/ambm.no\/?page_id=24"},"modified":"2015-02-18T20:46:07","modified_gmt":"2015-02-18T19:46:07","slug":"transport-sjaforoppdrag-og-rydding","status":"publish","type":"page","link":"https:\/\/ambm.no\/?page_id=24","title":{"rendered":"Transport ,sj\u00e5f\u00f8roppdrag og rydding"},"content":{"rendered":"<p>Lang erfaring innen transport og h\u00e5ndtering\u00a0av m\u00f8bler og interi\u00f8r er din garanti for at tingene du er glad i kommer frem i samme stand som du sendte de.<\/p>\n<p>Sertifikat i 42 \u00e5r med skadefri kj\u00f8ring er din trygghet for persontransport og varetransport<\/p>\n","protected":false},"excerpt":{"rendered":"<p>Lang erfaring innen transport og h\u00e5ndtering\u00a0av m\u00f8bler og interi\u00f8r er din garanti for at tingene du er glad i kommer frem i samme stand som du sendte de. Sertifikat i 42 \u00e5r med skadefri kj\u00f8ring er din trygghet for persontransport og varetransport<\/p>\n","protected":false},"author":3,"featured_media":63,"parent":0,"menu_order":0,"comment_status":"closed","ping_status":"closed","template":"","meta":{"footnotes":""},"class_list":["post-24","page","type-page","status-publish","has-post-thumbnail","hentry"],"_links":{"self":[{"href":"https:\/\/ambm.no\/index.php?rest_route=\/wp\/v2\/pages\/24","targetHints":{"allow":["GET"]}}],"collection":[{"href":"https:\/\/ambm.no\/index.php?rest_route=\/wp\/v2\/pages"}],"about":[{"href":"https:\/\/ambm.no\/index.php?rest_route=\/wp\/v2\/types\/page"}],"author":[{"embeddable":true,"href":"https:\/\/ambm.no\/index.php?rest_route=\/wp\/v2\/users\/3"}],"replies":[{"embeddable":true,"href":"https:\/\/ambm.no\/index.php?rest_route=%2Fwp%2Fv2%2Fcomments&post=24"}],"version-history":[{"count":1,"href":"https:\/\/ambm.no\/index.php?rest_route=\/wp\/v2\/pages\/24\/revisions"}],"predecessor-version":[{"id":25,"href":"https:\/\/ambm.no\/index.php?rest_route=\/wp\/v2\/pages\/24\/revisions\/25"}],"wp:featuredmedia":[{"embeddable":true,"href":"https:\/\/ambm.no\/index.php?rest_route=\/wp\/v2\/media\/63"}],"wp:attachment":[{"href":"https:\/\/ambm.no\/index.php?rest_route=%2Fwp%2Fv2%2Fmedia&parent=24"}],"curies":[{"name":"wp","href":"https:\/\/api.w.org\/{rel}","templated":true}]}}