{"id":8,"date":"2013-10-15T10:05:27","date_gmt":"2013-10-15T08:05:27","guid":{"rendered":"http:\/\/ambm.no\/?page_id=8"},"modified":"2015-02-18T19:55:37","modified_gmt":"2015-02-18T18:55:37","slug":"mobeltapetsering","status":"publish","type":"page","link":"https:\/\/ambm.no\/","title":{"rendered":"M\u00f8beltapetsering"},"content":{"rendered":"<p><strong><a href=\"http:\/\/ambm.no\/wp-content\/uploads\/2015\/02\/085.jpg\"><img loading=\"lazy\" decoding=\"async\" class=\" size-medium wp-image-31 alignright\" src=\"http:\/\/ambm.no\/wp-content\/uploads\/2015\/02\/085-300x224.jpg\" alt=\"085\" width=\"300\" height=\"224\" srcset=\"https:\/\/ambm.no\/wp-content\/uploads\/2015\/02\/085-300x224.jpg 300w, https:\/\/ambm.no\/wp-content\/uploads\/2015\/02\/085-1024x765.jpg 1024w\" sizes=\"auto, (max-width: 300px) 100vw, 300px\" \/><\/a>M\u00f8beltapetsering<br \/>\n<\/strong>M\u00f8beltapetsering er et fag som er utrydningstruet. Tidspress, timel\u00f8nninger og materialutvikling gj\u00f8r m\u00f8beltapetseringen til et utvannet omr\u00e5de. Vi er fortsatt noen som pr\u00f8ver \u00e5 gj\u00f8re ting p\u00e5 fagmessig m\u00e5te, men i forhold til i &laquo;gamle dager&raquo; er ikke faget det samme.<\/p>\n<p><strong><br \/>\nUtvikling gjennom historen<br \/>\n<\/strong>I antikken og frem til 1600-tallet var det primitive materialer eller puter som ble brukt, deretter begynte man med stoppede m\u00f8bler i flotte fasonger. Siden menneskene krevde mer luksus og komfort s\u00e5 utviklet det et fantastisk samarbeid mellom m\u00f8belsnekkere og tapetserere. P\u00e5 1700-tallet var Mellom-Europa sv\u00e6rt avanserte. England og Frankrike var stormakter, luksus og komfort var et &laquo;must&raquo;. I begynnelsen av 1800-tallet forandret stilen seg, man fikk rettere avsydde hj\u00f8rner og kanter, og mot slutten av 1800-tallet ble det heftinger i ryggen mer vanlig. Treverket ble overstoppet, mange m\u00f8bler hadde bare bena som var synlig treverk. Man brukte masse frynser og annet avansert possement. Tapetsererne m\u00e5tte ogs\u00e5 kunne sy draperier, legge tepper og sy gardiner.<\/p>\n<p><strong><br \/>\nM\u00f8beltapetsererfaget<br \/>\n<\/strong>V\u00e5rt fag har blitt tynnere og tynnere etter fabrikkenes inntog p\u00e5 begynnelsen av 1900-tallet. Fabrikkene gjorde at m\u00f8blene ble enklere. Dog gir det stor glede \u00e5 f\u00e5 arbeide med gamle m\u00f8bler og gj\u00f8re det p\u00e5 den gamle m\u00e5ten. Dette er ogs\u00e5 den eneste m\u00e5ten \u00e5 holde faget i live p\u00e5. Det er ogs\u00e5 viktig \u00e5 restaurere gamle m\u00f8bler opp mot det originale, b\u00e5de hva treverk og stopningsmaterialer ang\u00e5r. Mal ikke en gammel fin polert stol, hvis den ikke er totalt \u00f8delagt! S\u00f8k \u00e5 bruke de gammeldagse stopningsmaterialer selv om dette blir dyrere og tar lengre tid. M\u00f8bler er historie og forteller om sin tids folk.<\/p>\n<p><strong><br \/>\nKontakt fagfolk<br \/>\n<\/strong>Kontakt fagfolk for r\u00e5d og d\u00e5d. Selv om du har glede av \u00e5 gj\u00f8re ting selv, blir gleden st\u00f8rre n\u00e5r du gj\u00f8r det ordentlig!<\/p>\n","protected":false},"excerpt":{"rendered":"<p>M\u00f8beltapetsering M\u00f8beltapetsering er et fag som er utrydningstruet. Tidspress, timel\u00f8nninger og materialutvikling gj\u00f8r m\u00f8beltapetseringen til et utvannet omr\u00e5de. Vi er fortsatt noen som pr\u00f8ver \u00e5 gj\u00f8re ting p\u00e5 fagmessig m\u00e5te, men i forhold til i &laquo;gamle dager&raquo; er ikke faget det samme. Utvikling gjennom historen I antikken og frem til 1600-tallet var det primitive materialer &hellip; <a href=\"https:\/\/ambm.no\/\" class=\"more-link\">Fortsett \u00e5 lese <span class=\"screen-reader-text\">M\u00f8beltapetsering<\/span> <span class=\"meta-nav\">&rarr;<\/span><\/a><\/p>\n","protected":false},"author":3,"featured_media":0,"parent":0,"menu_order":0,"comment_status":"closed","ping_status":"closed","template":"","meta":{"footnotes":""},"class_list":["post-8","page","type-page","status-publish","hentry"],"_links":{"self":[{"href":"https:\/\/ambm.no\/index.php?rest_route=\/wp\/v2\/pages\/8","targetHints":{"allow":["GET"]}}],"collection":[{"href":"https:\/\/ambm.no\/index.php?rest_route=\/wp\/v2\/pages"}],"about":[{"href":"https:\/\/ambm.no\/index.php?rest_route=\/wp\/v2\/types\/page"}],"author":[{"embeddable":true,"href":"https:\/\/ambm.no\/index.php?rest_route=\/wp\/v2\/users\/3"}],"replies":[{"embeddable":true,"href":"https:\/\/ambm.no\/index.php?rest_route=%2Fwp%2Fv2%2Fcomments&post=8"}],"version-history":[{"count":4,"href":"https:\/\/ambm.no\/index.php?rest_route=\/wp\/v2\/pages\/8\/revisions"}],"predecessor-version":[{"id":34,"href":"https:\/\/ambm.no\/index.php?rest_route=\/wp\/v2\/pages\/8\/revisions\/34"}],"wp:attachment":[{"href":"https:\/\/ambm.no\/index.php?rest_route=%2Fwp%2Fv2%2Fmedia&parent=8"}],"curies":[{"name":"wp","href":"https:\/\/api.w.org\/{rel}","templated":true}]}}